{"id":87,"date":"2023-10-02T15:44:11","date_gmt":"2023-10-02T13:44:11","guid":{"rendered":"http:\/\/harmony-bay.be\/wp\/?page_id=87"},"modified":"2025-12-13T16:41:51","modified_gmt":"2025-12-13T15:41:51","slug":"contact","status":"publish","type":"page","link":"https:\/\/www.harmony-bay.be\/index.php\/contact\/","title":{"rendered":"Contact"},"content":{"rendered":"\t\t<div data-elementor-type=\"wp-page\" data-elementor-id=\"87\" class=\"elementor elementor-87\">\n\t\t\t\t<div class=\"elementor-element elementor-element-7b41545 e-flex e-con-boxed e-con e-parent\" data-id=\"7b41545\" data-element_type=\"container\">\n\t\t\t\t\t<div class=\"e-con-inner\">\n\t\t<div class=\"elementor-element elementor-element-1e76d1a e-con-full e-flex e-con e-child\" data-id=\"1e76d1a\" data-element_type=\"container\">\n\t\t\t\t<div class=\"elementor-element elementor-element-b346c96 elementor-widget elementor-widget-heading\" data-id=\"b346c96\" data-element_type=\"widget\" data-widget_type=\"heading.default\">\n\t\t\t\t<div class=\"elementor-widget-container\">\n\t\t\t\t\t<h3 class=\"elementor-heading-title elementor-size-default\">Contactez Harmony Bay<\/h3>\t\t\t\t<\/div>\n\t\t\t\t<\/div>\n\t\t\t\t<div class=\"elementor-element elementor-element-a221257 elementor-widget elementor-widget-text-editor\" data-id=\"a221257\" data-element_type=\"widget\" data-widget_type=\"text-editor.default\">\n\t\t\t\t<div class=\"elementor-widget-container\">\n\t\t\t\t\t\t\t\t\t<div id=\"comp-lm4yilwk\" class=\"BaOVQ8 tz5f0K comp-lm4yilwk wixui-rich-text\" data-testid=\"richTextElement\"><p class=\"font_7 wixui-rich-text__text\">Contactez-nous pour plus de renseignements : par\u00a0<span class=\"wixui-rich-text__text\">t\u00e9l\u00e9phone<\/span>,\u00a0<span class=\"wixui-rich-text__text\">e-mail<\/span>\u00a0ou via notre\u00a0<span class=\"wixui-rich-text__text\">formulaire de contact<\/span>.<\/p><\/div><div id=\"comp-lm4y22xq1\" class=\"BaOVQ8 tz5f0K comp-lm4y22xq1 wixui-rich-text\" data-testid=\"richTextElement\"><ul><li class=\"font_7 wixui-rich-text__text\">Rue de Namur, 110 &#8211; 1400 Nivelles<span class=\"wixGuard wixui-rich-text__text\">\u200b<\/span><\/li><li class=\"font_7 wixui-rich-text__text\"><span class=\"wixui-rich-text__text\"><span class=\"color_18 wixui-rich-text__text\"><a class=\"wixui-rich-text__text\" href=\"tel:+3267217376\">067 21 73 76<\/a><\/span><\/span><\/li><li class=\"font_7 wixui-rich-text__text\"><a class=\"wixui-rich-text__text\" href=\"mailto:info@harmony-bay.be\" target=\"_self\"><span class=\"color_18 wixui-rich-text__text\"><span class=\"wixui-rich-text__text\">info@harmony-bay.be<\/span><\/span><\/a><\/li><\/ul><\/div><div id=\"comp-lm4y22xu3\" class=\"comp-lm4y22xu3 WzbAF8\"><p>Nous sommes\u00a0<span class=\"wixui-rich-text__text\">ouverts<\/span>\u00a0<\/p><ul><li>du\u00a0<span class=\"wixui-rich-text__text\">lundi<\/span>\u00a0au\u00a0<span class=\"wixui-rich-text__text\">vendredi<\/span>\u00a0de\u00a0<span class=\"wixui-rich-text__text\">9h30<\/span>\u00a0\u00e0\u00a0<span class=\"wixui-rich-text__text\">18h30<\/span>\u00a0<\/li><li>le <span class=\"wixui-rich-text__text\">samedi<\/span>\u00a0de\u00a0<span class=\"wixui-rich-text__text\">10h<\/span>\u00a0\u00e0\u00a0<span class=\"wixui-rich-text__text\">18h30<\/span>.<\/li><\/ul><\/div>\t\t\t\t\t\t\t\t<\/div>\n\t\t\t\t<\/div>\n\t\t\t\t<\/div>\n\t\t\t\t\t<\/div>\n\t\t\t\t<\/div>\n\t\t<div class=\"elementor-element elementor-element-9036fc2 e-con-full e-flex e-con e-parent\" data-id=\"9036fc2\" data-element_type=\"container\">\n\t\t\t\t<div class=\"elementor-element elementor-element-c3cef67 elementor-widget elementor-widget-google_maps\" data-id=\"c3cef67\" data-element_type=\"widget\" data-widget_type=\"google_maps.default\">\n\t\t\t\t<div class=\"elementor-widget-container\">\n\t\t\t\t\t\t\t<div class=\"elementor-custom-embed\">\n\t\t\t<iframe loading=\"lazy\"\n\t\t\t\t\tsrc=\"https:\/\/maps.google.com\/maps?q=Rue%20de%20Namur%2C%20110%20-%201400%20Nivelles&#038;t=m&#038;z=16&#038;output=embed&#038;iwloc=near\"\n\t\t\t\t\ttitle=\"Rue de Namur, 110 - 1400 Nivelles\"\n\t\t\t\t\taria-label=\"Rue de Namur, 110 - 1400 Nivelles\"\n\t\t\t><\/iframe>\n\t\t<\/div>\n\t\t\t\t\t\t<\/div>\n\t\t\t\t<\/div>\n\t\t\t\t<\/div>\n\t\t\t\t<\/div>\n\t\t","protected":false},"excerpt":{"rendered":"<p>Contactez Harmony Bay Contactez-nous pour plus de renseignements : par\u00a0t\u00e9l\u00e9phone,\u00a0e-mail\u00a0ou via notre\u00a0formulaire de contact. Rue de Namur, 110 &#8211; 1400 Nivelles\u200b 067 21 73 76 info@harmony-bay.be Nous sommes\u00a0ouverts\u00a0 du\u00a0lundi\u00a0au\u00a0vendredi\u00a0de\u00a09h30\u00a0\u00e0\u00a018h30\u00a0 le samedi\u00a0de\u00a010h\u00a0\u00e0\u00a018h30.<\/p>\n","protected":false},"author":1,"featured_media":152,"parent":0,"menu_order":0,"comment_status":"closed","ping_status":"closed","template":"full-width.php","meta":{"footnotes":""},"class_list":["post-87","page","type-page","status-publish","has-post-thumbnail","hentry"],"yoast_head":"<!-- This site is optimized with the Yoast SEO plugin v25.3 - https:\/\/yoast.com\/wordpress\/plugins\/seo\/ -->\n<title>Contact - Harmony Bay<\/title>\n<meta name=\"description\" content=\"Contact Harmony Bay Harmony Bay Magasin de musique, lutherie, r\u00e9paration, occasion, partition, instrument, guitare, piano, synthe, p\u00e9dale, effets, Takamine, LAG, violon, alto, carte son, baryton, concert, t\u00e9nor, ukulele, basse, batterie, drum, cymbale, shop, store, livre, acoustique, acoustic, electric, housse, Nivelles, Brabant Wallon, Seneffe, Feluy, Ittre, Braine-l&#039;Alleud, Lillois, Baulers, Genappe, Baisy-Thy, Belgique, Belgium, guitar, bass, amp, micro, mic, bluetooth, sans fil, wireless, cable, link, USB, soundcard, carte son, table mixage, mix, gigbag, hardcase, softcase, flightcase, sax, saxophone, clarinette, trompette, trumpet, alto, baryton, concert, violon, archet, accordeur, tuner, capodastre, m\u00e9tronome, cymbal, crash ride, hi-hat, hardware, woodblock, claves, kalimba, tongue drum, handpan, flute, cornet, bugle, stand, wall hanger, porte partition, lutrin, bec, anche, embouchure, chevalet, speaker, speakon, neutric, harmonica, chromatic, melodica, in-ear, midi, keyboard, xlr, sustain pedal, colaphane, power supply, adaptor, adaptateur, casque audio, oreillettes, headphones, Brabant Flamand, Hainaut, Waterloo, Halle, Wavre, Charleroi, Fleurus, Soignies, La Louvi\u00e8re, Sire, Marshall, BlackStar, Richwood, Acus, Ashdown, Laney, Tanglewood, Larry, Carlton, Marcus, Miller, Cort, Aria, Godin, Martin, Elixir, Ernie Ball, Zildjian, Sabian Cortez, Cuenca, Alhambra, Juan, Salvador, Jupiter, Hercules, K&amp;M, Nux, Carlsbro, MXR, Electro-Harmonix, Casio, Korg, Medeli, Hohner, Shure, Sennheiser, Novation, Arturia, D&#039;Addario, Squier, JBsystem, SMLParis, Stewart, Ellis, Vandoren, Suzuki, Maxon, Ortega, Mahalo, Aloha, Flight, Sela, Herald, Stentor\" \/>\n<meta name=\"robots\" content=\"index, follow, max-snippet:-1, max-image-preview:large, max-video-preview:-1\" \/>\n<link rel=\"canonical\" href=\"https:\/\/www.harmony-bay.be\/index.php\/contact\/\" \/>\n<meta property=\"og:locale\" content=\"en_US\" \/>\n<meta property=\"og:type\" content=\"article\" \/>\n<meta property=\"og:title\" content=\"Contact - Harmony Bay\" \/>\n<meta property=\"og:description\" content=\"Contact Harmony Bay Harmony Bay Magasin de musique, lutherie, r\u00e9paration, occasion, partition, instrument, guitare, piano, synthe, p\u00e9dale, effets, Takamine, LAG, violon, alto, carte son, baryton, concert, t\u00e9nor, ukulele, basse, batterie, drum, cymbale, shop, store, livre, acoustique, acoustic, electric, housse, Nivelles, Brabant Wallon, Seneffe, Feluy, Ittre, Braine-l&#039;Alleud, Lillois, Baulers, Genappe, Baisy-Thy, Belgique, Belgium, guitar, bass, amp, micro, mic, bluetooth, sans fil, wireless, cable, link, USB, soundcard, carte son, table mixage, mix, gigbag, hardcase, softcase, flightcase, sax, saxophone, clarinette, trompette, trumpet, alto, baryton, concert, violon, archet, accordeur, tuner, capodastre, m\u00e9tronome, cymbal, crash ride, hi-hat, hardware, woodblock, claves, kalimba, tongue drum, handpan, flute, cornet, bugle, stand, wall hanger, porte partition, lutrin, bec, anche, embouchure, chevalet, speaker, speakon, neutric, harmonica, chromatic, melodica, in-ear, midi, keyboard, xlr, sustain pedal, colaphane, power supply, adaptor, adaptateur, casque audio, oreillettes, headphones, Brabant Flamand, Hainaut, Waterloo, Halle, Wavre, Charleroi, Fleurus, Soignies, La Louvi\u00e8re, Sire, Marshall, BlackStar, Richwood, Acus, Ashdown, Laney, Tanglewood, Larry, Carlton, Marcus, Miller, Cort, Aria, Godin, Martin, Elixir, Ernie Ball, Zildjian, Sabian Cortez, Cuenca, Alhambra, Juan, Salvador, Jupiter, Hercules, K&amp;M, Nux, Carlsbro, MXR, Electro-Harmonix, Casio, Korg, Medeli, Hohner, Shure, Sennheiser, Novation, Arturia, D&#039;Addario, Squier, JBsystem, SMLParis, Stewart, Ellis, Vandoren, Suzuki, Maxon, Ortega, Mahalo, Aloha, Flight, Sela, Herald, Stentor\" \/>\n<meta property=\"og:url\" content=\"https:\/\/www.harmony-bay.be\/index.php\/contact\/\" \/>\n<meta property=\"og:site_name\" content=\"Harmony Bay\" \/>\n<meta property=\"article:publisher\" content=\"https:\/\/www.facebook.com\/profile.php?id=100057061016364&amp;sk=about&amp;locale=fr_FR\" \/>\n<meta property=\"article:modified_time\" content=\"2025-12-13T15:41:51+00:00\" \/>\n<meta property=\"og:image\" content=\"http:\/\/www.harmony-bay.be\/wp-content\/uploads\/2023\/10\/acoustic-1851248-small.png\" \/>\n\t<meta property=\"og:image:width\" content=\"2000\" \/>\n\t<meta property=\"og:image:height\" content=\"263\" \/>\n\t<meta property=\"og:image:type\" content=\"image\/png\" \/>\n<meta name=\"twitter:card\" content=\"summary_large_image\" \/>\n<meta name=\"twitter:label1\" content=\"Est. reading time\" \/>\n\t<meta name=\"twitter:data1\" content=\"1 minute\" \/>\n<script type=\"application\/ld+json\" class=\"yoast-schema-graph\">{\"@context\":\"https:\/\/schema.org\",\"@graph\":[{\"@type\":\"WebPage\",\"@id\":\"https:\/\/www.harmony-bay.be\/index.php\/contact\/\",\"url\":\"https:\/\/www.harmony-bay.be\/index.php\/contact\/\",\"name\":\"Contact - Harmony Bay\",\"isPartOf\":{\"@id\":\"https:\/\/www.harmony-bay.be\/#website\"},\"primaryImageOfPage\":{\"@id\":\"https:\/\/www.harmony-bay.be\/index.php\/contact\/#primaryimage\"},\"image\":{\"@id\":\"https:\/\/www.harmony-bay.be\/index.php\/contact\/#primaryimage\"},\"thumbnailUrl\":\"https:\/\/www.harmony-bay.be\/wp-content\/uploads\/2023\/10\/acoustic-1851248-small.png\",\"datePublished\":\"2023-10-02T13:44:11+00:00\",\"dateModified\":\"2025-12-13T15:41:51+00:00\",\"description\":\"Contact Harmony Bay Harmony Bay Magasin de musique, lutherie, r\u00e9paration, occasion, partition, instrument, guitare, piano, synthe, p\u00e9dale, effets, Takamine, LAG, violon, alto, carte son, baryton, concert, t\u00e9nor, ukulele, basse, batterie, drum, cymbale, shop, store, livre, acoustique, acoustic, electric, housse, Nivelles, Brabant Wallon, Seneffe, Feluy, Ittre, Braine-l'Alleud, Lillois, Baulers, Genappe, Baisy-Thy, Belgique, Belgium, guitar, bass, amp, micro, mic, bluetooth, sans fil, wireless, cable, link, USB, soundcard, carte son, table mixage, mix, gigbag, hardcase, softcase, flightcase, sax, saxophone, clarinette, trompette, trumpet, alto, baryton, concert, violon, archet, accordeur, tuner, capodastre, m\u00e9tronome, cymbal, crash ride, hi-hat, hardware, woodblock, claves, kalimba, tongue drum, handpan, flute, cornet, bugle, stand, wall hanger, porte partition, lutrin, bec, anche, embouchure, chevalet, speaker, speakon, neutric, harmonica, chromatic, melodica, in-ear, midi, keyboard, xlr, sustain pedal, colaphane, power supply, adaptor, adaptateur, casque audio, oreillettes, headphones, Brabant Flamand, Hainaut, Waterloo, Halle, Wavre, Charleroi, Fleurus, Soignies, La Louvi\u00e8re, Sire, Marshall, BlackStar, Richwood, Acus, Ashdown, Laney, Tanglewood, Larry, Carlton, Marcus, Miller, Cort, Aria, Godin, Martin, Elixir, Ernie Ball, Zildjian, Sabian Cortez, Cuenca, Alhambra, Juan, Salvador, Jupiter, Hercules, K&M, Nux, Carlsbro, MXR, Electro-Harmonix, Casio, Korg, Medeli, Hohner, Shure, Sennheiser, Novation, Arturia, D'Addario, Squier, JBsystem, SMLParis, Stewart, Ellis, Vandoren, Suzuki, Maxon, Ortega, Mahalo, Aloha, Flight, Sela, Herald, Stentor\",\"breadcrumb\":{\"@id\":\"https:\/\/www.harmony-bay.be\/index.php\/contact\/#breadcrumb\"},\"inLanguage\":\"en-US\",\"potentialAction\":[{\"@type\":\"ReadAction\",\"target\":[\"https:\/\/www.harmony-bay.be\/index.php\/contact\/\"]}]},{\"@type\":\"ImageObject\",\"inLanguage\":\"en-US\",\"@id\":\"https:\/\/www.harmony-bay.be\/index.php\/contact\/#primaryimage\",\"url\":\"https:\/\/www.harmony-bay.be\/wp-content\/uploads\/2023\/10\/acoustic-1851248-small.png\",\"contentUrl\":\"https:\/\/www.harmony-bay.be\/wp-content\/uploads\/2023\/10\/acoustic-1851248-small.png\",\"width\":2000,\"height\":263,\"caption\":\"Guitare Harmony Bay Magasin d\u2019instruments de musique Nivelles\"},{\"@type\":\"BreadcrumbList\",\"@id\":\"https:\/\/www.harmony-bay.be\/index.php\/contact\/#breadcrumb\",\"itemListElement\":[{\"@type\":\"ListItem\",\"position\":1,\"name\":\"Home\",\"item\":\"https:\/\/www.harmony-bay.be\/\"},{\"@type\":\"ListItem\",\"position\":2,\"name\":\"Contact\"}]},{\"@type\":\"WebSite\",\"@id\":\"https:\/\/www.harmony-bay.be\/#website\",\"url\":\"https:\/\/www.harmony-bay.be\/\",\"name\":\"Harmony Bay\",\"description\":\"Magasin d\u2019instruments de musique Nivelles\",\"publisher\":{\"@id\":\"https:\/\/www.harmony-bay.be\/#organization\"},\"alternateName\":\"Harmonybay, Harmony\",\"potentialAction\":[{\"@type\":\"SearchAction\",\"target\":{\"@type\":\"EntryPoint\",\"urlTemplate\":\"https:\/\/www.harmony-bay.be\/?s={search_term_string}\"},\"query-input\":{\"@type\":\"PropertyValueSpecification\",\"valueRequired\":true,\"valueName\":\"search_term_string\"}}],\"inLanguage\":\"en-US\"},{\"@type\":\"Organization\",\"@id\":\"https:\/\/www.harmony-bay.be\/#organization\",\"name\":\"Harmony Bay\",\"url\":\"https:\/\/www.harmony-bay.be\/\",\"logo\":{\"@type\":\"ImageObject\",\"inLanguage\":\"en-US\",\"@id\":\"https:\/\/www.harmony-bay.be\/#\/schema\/logo\/image\/\",\"url\":\"https:\/\/www.harmony-bay.be\/wp-content\/uploads\/2023\/10\/Logo.png\",\"contentUrl\":\"https:\/\/www.harmony-bay.be\/wp-content\/uploads\/2023\/10\/Logo.png\",\"width\":448,\"height\":115,\"caption\":\"Harmony Bay\"},\"image\":{\"@id\":\"https:\/\/www.harmony-bay.be\/#\/schema\/logo\/image\/\"},\"sameAs\":[\"https:\/\/www.facebook.com\/profile.php?id=100057061016364&sk=about&locale=fr_FR\"]}]}<\/script>\n<!-- \/ Yoast SEO plugin. -->","yoast_head_json":{"title":"Contact - Harmony Bay","description":"Contact Harmony Bay Harmony Bay Magasin de musique, lutherie, r\u00e9paration, occasion, partition, instrument, guitare, piano, synthe, p\u00e9dale, effets, Takamine, LAG, violon, alto, carte son, baryton, concert, t\u00e9nor, ukulele, basse, batterie, drum, cymbale, shop, store, livre, acoustique, acoustic, electric, housse, Nivelles, Brabant Wallon, Seneffe, Feluy, Ittre, Braine-l'Alleud, Lillois, Baulers, Genappe, Baisy-Thy, Belgique, Belgium, guitar, bass, amp, micro, mic, bluetooth, sans fil, wireless, cable, link, USB, soundcard, carte son, table mixage, mix, gigbag, hardcase, softcase, flightcase, sax, saxophone, clarinette, trompette, trumpet, alto, baryton, concert, violon, archet, accordeur, tuner, capodastre, m\u00e9tronome, cymbal, crash ride, hi-hat, hardware, woodblock, claves, kalimba, tongue drum, handpan, flute, cornet, bugle, stand, wall hanger, porte partition, lutrin, bec, anche, embouchure, chevalet, speaker, speakon, neutric, harmonica, chromatic, melodica, in-ear, midi, keyboard, xlr, sustain pedal, colaphane, power supply, adaptor, adaptateur, casque audio, oreillettes, headphones, Brabant Flamand, Hainaut, Waterloo, Halle, Wavre, Charleroi, Fleurus, Soignies, La Louvi\u00e8re, Sire, Marshall, BlackStar, Richwood, Acus, Ashdown, Laney, Tanglewood, Larry, Carlton, Marcus, Miller, Cort, Aria, Godin, Martin, Elixir, Ernie Ball, Zildjian, Sabian Cortez, Cuenca, Alhambra, Juan, Salvador, Jupiter, Hercules, K&M, Nux, Carlsbro, MXR, Electro-Harmonix, Casio, Korg, Medeli, Hohner, Shure, Sennheiser, Novation, Arturia, D'Addario, Squier, JBsystem, SMLParis, Stewart, Ellis, Vandoren, Suzuki, Maxon, Ortega, Mahalo, Aloha, Flight, Sela, Herald, Stentor","robots":{"index":"index","follow":"follow","max-snippet":"max-snippet:-1","max-image-preview":"max-image-preview:large","max-video-preview":"max-video-preview:-1"},"canonical":"https:\/\/www.harmony-bay.be\/index.php\/contact\/","og_locale":"en_US","og_type":"article","og_title":"Contact - Harmony Bay","og_description":"Contact Harmony Bay Harmony Bay Magasin de musique, lutherie, r\u00e9paration, occasion, partition, instrument, guitare, piano, synthe, p\u00e9dale, effets, Takamine, LAG, violon, alto, carte son, baryton, concert, t\u00e9nor, ukulele, basse, batterie, drum, cymbale, shop, store, livre, acoustique, acoustic, electric, housse, Nivelles, Brabant Wallon, Seneffe, Feluy, Ittre, Braine-l'Alleud, Lillois, Baulers, Genappe, Baisy-Thy, Belgique, Belgium, guitar, bass, amp, micro, mic, bluetooth, sans fil, wireless, cable, link, USB, soundcard, carte son, table mixage, mix, gigbag, hardcase, softcase, flightcase, sax, saxophone, clarinette, trompette, trumpet, alto, baryton, concert, violon, archet, accordeur, tuner, capodastre, m\u00e9tronome, cymbal, crash ride, hi-hat, hardware, woodblock, claves, kalimba, tongue drum, handpan, flute, cornet, bugle, stand, wall hanger, porte partition, lutrin, bec, anche, embouchure, chevalet, speaker, speakon, neutric, harmonica, chromatic, melodica, in-ear, midi, keyboard, xlr, sustain pedal, colaphane, power supply, adaptor, adaptateur, casque audio, oreillettes, headphones, Brabant Flamand, Hainaut, Waterloo, Halle, Wavre, Charleroi, Fleurus, Soignies, La Louvi\u00e8re, Sire, Marshall, BlackStar, Richwood, Acus, Ashdown, Laney, Tanglewood, Larry, Carlton, Marcus, Miller, Cort, Aria, Godin, Martin, Elixir, Ernie Ball, Zildjian, Sabian Cortez, Cuenca, Alhambra, Juan, Salvador, Jupiter, Hercules, K&M, Nux, Carlsbro, MXR, Electro-Harmonix, Casio, Korg, Medeli, Hohner, Shure, Sennheiser, Novation, Arturia, D'Addario, Squier, JBsystem, SMLParis, Stewart, Ellis, Vandoren, Suzuki, Maxon, Ortega, Mahalo, Aloha, Flight, Sela, Herald, Stentor","og_url":"https:\/\/www.harmony-bay.be\/index.php\/contact\/","og_site_name":"Harmony Bay","article_publisher":"https:\/\/www.facebook.com\/profile.php?id=100057061016364&sk=about&locale=fr_FR","article_modified_time":"2025-12-13T15:41:51+00:00","og_image":[{"width":2000,"height":263,"url":"http:\/\/www.harmony-bay.be\/wp-content\/uploads\/2023\/10\/acoustic-1851248-small.png","type":"image\/png"}],"twitter_card":"summary_large_image","twitter_misc":{"Est. reading time":"1 minute"},"schema":{"@context":"https:\/\/schema.org","@graph":[{"@type":"WebPage","@id":"https:\/\/www.harmony-bay.be\/index.php\/contact\/","url":"https:\/\/www.harmony-bay.be\/index.php\/contact\/","name":"Contact - Harmony Bay","isPartOf":{"@id":"https:\/\/www.harmony-bay.be\/#website"},"primaryImageOfPage":{"@id":"https:\/\/www.harmony-bay.be\/index.php\/contact\/#primaryimage"},"image":{"@id":"https:\/\/www.harmony-bay.be\/index.php\/contact\/#primaryimage"},"thumbnailUrl":"https:\/\/www.harmony-bay.be\/wp-content\/uploads\/2023\/10\/acoustic-1851248-small.png","datePublished":"2023-10-02T13:44:11+00:00","dateModified":"2025-12-13T15:41:51+00:00","description":"Contact Harmony Bay Harmony Bay Magasin de musique, lutherie, r\u00e9paration, occasion, partition, instrument, guitare, piano, synthe, p\u00e9dale, effets, Takamine, LAG, violon, alto, carte son, baryton, concert, t\u00e9nor, ukulele, basse, batterie, drum, cymbale, shop, store, livre, acoustique, acoustic, electric, housse, Nivelles, Brabant Wallon, Seneffe, Feluy, Ittre, Braine-l'Alleud, Lillois, Baulers, Genappe, Baisy-Thy, Belgique, Belgium, guitar, bass, amp, micro, mic, bluetooth, sans fil, wireless, cable, link, USB, soundcard, carte son, table mixage, mix, gigbag, hardcase, softcase, flightcase, sax, saxophone, clarinette, trompette, trumpet, alto, baryton, concert, violon, archet, accordeur, tuner, capodastre, m\u00e9tronome, cymbal, crash ride, hi-hat, hardware, woodblock, claves, kalimba, tongue drum, handpan, flute, cornet, bugle, stand, wall hanger, porte partition, lutrin, bec, anche, embouchure, chevalet, speaker, speakon, neutric, harmonica, chromatic, melodica, in-ear, midi, keyboard, xlr, sustain pedal, colaphane, power supply, adaptor, adaptateur, casque audio, oreillettes, headphones, Brabant Flamand, Hainaut, Waterloo, Halle, Wavre, Charleroi, Fleurus, Soignies, La Louvi\u00e8re, Sire, Marshall, BlackStar, Richwood, Acus, Ashdown, Laney, Tanglewood, Larry, Carlton, Marcus, Miller, Cort, Aria, Godin, Martin, Elixir, Ernie Ball, Zildjian, Sabian Cortez, Cuenca, Alhambra, Juan, Salvador, Jupiter, Hercules, K&M, Nux, Carlsbro, MXR, Electro-Harmonix, Casio, Korg, Medeli, Hohner, Shure, Sennheiser, Novation, Arturia, D'Addario, Squier, JBsystem, SMLParis, Stewart, Ellis, Vandoren, Suzuki, Maxon, Ortega, Mahalo, Aloha, Flight, Sela, Herald, Stentor","breadcrumb":{"@id":"https:\/\/www.harmony-bay.be\/index.php\/contact\/#breadcrumb"},"inLanguage":"en-US","potentialAction":[{"@type":"ReadAction","target":["https:\/\/www.harmony-bay.be\/index.php\/contact\/"]}]},{"@type":"ImageObject","inLanguage":"en-US","@id":"https:\/\/www.harmony-bay.be\/index.php\/contact\/#primaryimage","url":"https:\/\/www.harmony-bay.be\/wp-content\/uploads\/2023\/10\/acoustic-1851248-small.png","contentUrl":"https:\/\/www.harmony-bay.be\/wp-content\/uploads\/2023\/10\/acoustic-1851248-small.png","width":2000,"height":263,"caption":"Guitare Harmony Bay Magasin d\u2019instruments de musique Nivelles"},{"@type":"BreadcrumbList","@id":"https:\/\/www.harmony-bay.be\/index.php\/contact\/#breadcrumb","itemListElement":[{"@type":"ListItem","position":1,"name":"Home","item":"https:\/\/www.harmony-bay.be\/"},{"@type":"ListItem","position":2,"name":"Contact"}]},{"@type":"WebSite","@id":"https:\/\/www.harmony-bay.be\/#website","url":"https:\/\/www.harmony-bay.be\/","name":"Harmony Bay","description":"Magasin d\u2019instruments de musique Nivelles","publisher":{"@id":"https:\/\/www.harmony-bay.be\/#organization"},"alternateName":"Harmonybay, Harmony","potentialAction":[{"@type":"SearchAction","target":{"@type":"EntryPoint","urlTemplate":"https:\/\/www.harmony-bay.be\/?s={search_term_string}"},"query-input":{"@type":"PropertyValueSpecification","valueRequired":true,"valueName":"search_term_string"}}],"inLanguage":"en-US"},{"@type":"Organization","@id":"https:\/\/www.harmony-bay.be\/#organization","name":"Harmony Bay","url":"https:\/\/www.harmony-bay.be\/","logo":{"@type":"ImageObject","inLanguage":"en-US","@id":"https:\/\/www.harmony-bay.be\/#\/schema\/logo\/image\/","url":"https:\/\/www.harmony-bay.be\/wp-content\/uploads\/2023\/10\/Logo.png","contentUrl":"https:\/\/www.harmony-bay.be\/wp-content\/uploads\/2023\/10\/Logo.png","width":448,"height":115,"caption":"Harmony Bay"},"image":{"@id":"https:\/\/www.harmony-bay.be\/#\/schema\/logo\/image\/"},"sameAs":["https:\/\/www.facebook.com\/profile.php?id=100057061016364&sk=about&locale=fr_FR"]}]}},"_links":{"self":[{"href":"https:\/\/www.harmony-bay.be\/index.php\/wp-json\/wp\/v2\/pages\/87","targetHints":{"allow":["GET"]}}],"collection":[{"href":"https:\/\/www.harmony-bay.be\/index.php\/wp-json\/wp\/v2\/pages"}],"about":[{"href":"https:\/\/www.harmony-bay.be\/index.php\/wp-json\/wp\/v2\/types\/page"}],"author":[{"embeddable":true,"href":"https:\/\/www.harmony-bay.be\/index.php\/wp-json\/wp\/v2\/users\/1"}],"replies":[{"embeddable":true,"href":"https:\/\/www.harmony-bay.be\/index.php\/wp-json\/wp\/v2\/comments?post=87"}],"version-history":[{"count":14,"href":"https:\/\/www.harmony-bay.be\/index.php\/wp-json\/wp\/v2\/pages\/87\/revisions"}],"predecessor-version":[{"id":1084,"href":"https:\/\/www.harmony-bay.be\/index.php\/wp-json\/wp\/v2\/pages\/87\/revisions\/1084"}],"wp:featuredmedia":[{"embeddable":true,"href":"https:\/\/www.harmony-bay.be\/index.php\/wp-json\/wp\/v2\/media\/152"}],"wp:attachment":[{"href":"https:\/\/www.harmony-bay.be\/index.php\/wp-json\/wp\/v2\/media?parent=87"}],"curies":[{"name":"wp","href":"https:\/\/api.w.org\/{rel}","templated":true}]}}